{"id":2167,"date":"2015-03-12T14:52:34","date_gmt":"2015-03-12T14:52:34","guid":{"rendered":"http:\/\/demo-content.kaliumtheme.com\/photography\/?page_id=2167"},"modified":"2020-04-27T11:22:00","modified_gmt":"2020-04-27T09:22:00","slug":"about-me","status":"publish","type":"page","link":"https:\/\/yabaphotography.com\/fr\/about-me\/","title":{"rendered":"A propos"},"content":{"rendered":"<div class=\"wpb-content-wrapper\"><div class=\"vc-row-container container\"><div class=\"vc_row wpb_row vc_row-fluid vc_custom_1520365166614 vc_row-has-fill vc_row-o-full-height vc_row-o-columns-top vc_row-flex\"><div class=\"wpb_column vc_column_container vc_col-sm-12\"><div class=\"vc_column-inner vc_custom_1520365414153\"><div class=\"wpb_wrapper\">\n\t<div  class=\"wpb_single_image wpb_content_element vc_align_center wpb_content_element\">\n\t\t\n\t\t<figure class=\"wpb_wrapper vc_figure\">\n\t\t\t<div class=\"vc_single_image-wrapper   vc_box_border_grey\"><img loading=\"lazy\" decoding=\"async\" width=\"945\" height=\"554\" src=\"https:\/\/yabaphotography.com\/wp-content\/uploads\/2016\/10\/photoabout-1-sur-1-1024x600.jpg\" class=\"vc_single_image-img attachment-large\" alt=\"\" title=\"photoabout-1-sur-1\" srcset=\"https:\/\/yabaphotography.com\/wp-content\/uploads\/2016\/10\/photoabout-1-sur-1-1024x600.jpg 1024w, https:\/\/yabaphotography.com\/wp-content\/uploads\/2016\/10\/photoabout-1-sur-1-510x299.jpg 510w, https:\/\/yabaphotography.com\/wp-content\/uploads\/2016\/10\/photoabout-1-sur-1-300x176.jpg 300w, https:\/\/yabaphotography.com\/wp-content\/uploads\/2016\/10\/photoabout-1-sur-1-768x450.jpg 768w, https:\/\/yabaphotography.com\/wp-content\/uploads\/2016\/10\/photoabout-1-sur-1-1612x945.jpg 1612w, https:\/\/yabaphotography.com\/wp-content\/uploads\/2016\/10\/photoabout-1-sur-1-1116x654.jpg 1116w, https:\/\/yabaphotography.com\/wp-content\/uploads\/2016\/10\/photoabout-1-sur-1-806x472.jpg 806w, https:\/\/yabaphotography.com\/wp-content\/uploads\/2016\/10\/photoabout-1-sur-1-558x327.jpg 558w, https:\/\/yabaphotography.com\/wp-content\/uploads\/2016\/10\/photoabout-1-sur-1-655x384.jpg 655w\" sizes=\"(max-width: 945px) 100vw, 945px\" \/><\/div>\n\t\t<\/figure>\n\t<\/div>\n\n\t<div class=\"wpb_text_column wpb_content_element post-formatting\" >\n\t\t<div class=\"wpb_wrapper\">\n\t\t\t<p><strong>Merci de venir sur ce site.<\/strong><\/p>\n<p>&nbsp;<\/p>\n<p style=\"text-align: left;\"><strong>A propos de moi ...<\/strong><\/p>\n<p>&nbsp;<\/p>\n<p>&nbsp;<\/p>\n<p>Mon nom est Laurent; Je suis n\u00e9 \u00e0 Paris, et je vis actuellement \u00e0 Bruxelles, en Belgique, apr\u00e8s 10 ans pr\u00e8s de Lausanne, en Suisse. Je suis ici pour partager des id\u00e9es et des exp\u00e9riences autour de la photographie, ainsi que mes photos, bien s\u00fbr.<\/p>\n<p>La photographie est une merveilleuse fa\u00e7on de s'amuser et de cr\u00e9er, mais aussi de profiter de la vie, de la voir sous un angle diff\u00e9rent et parfois m\u00eame de gu\u00e9rir. Au fil des ans, j'ai fini par croire que tout le processus de prise de vue est aussi important que l'image elle-m\u00eame.<\/p>\n<p>Mon voyage photographique a commenc\u00e9 pendant mon adolescence, avec un minolta et quelques pellicules Kodak, avant de s'interrompre temporairement quelques ann\u00e9es. Alors que ma vie a pris une autre direction, L'envie de photographie est revenue plus forte que jamais. Aujourd'hui, c'est devenu plus qu'un hobby,  et j' appr\u00e9cie de plus en plus chaque jour ce que cela m'apporte.<\/p>\n<p>Merci d'avoir lu jusqu'ici.<\/p>\n<p>&nbsp;<\/p>\n<p style=\"text-align: left;\"><strong>A propos de ce site ...<\/strong><\/p>\n<p>&nbsp;<\/p>\n<p>Vous trouverez des articles sur tout ce qui se rapporte - parfois \u00e9troitement, parfois moins - \u00e0 la photographie, ainsi que quelques tests (compte tenu des milliers de tests disponibles sur le net, je me concentrerai sur les choses que j'ai achet\u00e9es, utilis\u00e9es et prends plaisir \u00e0 utiliser.<\/p>\n<p>Comme beaucoup d'entre nous, j'ai \u00e9t\u00e9 victime de GAS, et je fais tout mon possible pour ne pas replonger!<\/p>\n<p>Je ne pense pas que le mat\u00e9riel, et le cot\u00e9 technique ne soit pas important. Ca l'est tr\u00e8s clairement, et c'est un aspect que j'appr\u00e9cie beaucoup aussi, car c'est important de comprendre et \u00e9valuer les outils qu'on utilise pour en tirer le meilleur parti.<\/p>\n<p>Mais en fin de compte, la photographie est principalement de l'art, pas de l'ing\u00e9nierie...<\/p>\n<p>C'est pourquoi vous ne trouverez pas ici de graphes MTF, de liste compl\u00e8te de sp\u00e9cifications techniques. Je trouve totalement absurde de zoomer \u00e0 400%  pour v\u00e9rifier la nettet\u00e9 du coin sup\u00e9rieur droit  sur une photo prise \u00e0 F1.4.<\/p>\n<p>&nbsp;<\/p>\n<p>Merci encore de votre visite, et n'h\u00e9sitez pas \u00e0 me contacter.<\/p>\n\n\t\t<\/div>\n\t<\/div>\n<\/div><\/div><\/div><\/div><\/div>\n<\/div>","protected":false},"excerpt":{"rendered":"Thank you for visiting this website. &nbsp; About me... &nbsp; &nbsp; My name is Laurent, born and raised in Paris, and currently living in Brussels, Belgium, after 10 years near Lausanne, Switzerland. \u00a0I'm here to share thoughts and experiences around photography, as well as my photographs, of course. Photography\u00a0 as a wonderful \u00a0way to have&hellip;","protected":false},"author":1,"featured_media":0,"parent":0,"menu_order":0,"comment_status":"closed","ping_status":"closed","template":"","meta":{"_monsterinsights_skip_tracking":false,"_monsterinsights_sitenote_active":false,"_monsterinsights_sitenote_note":"","_monsterinsights_sitenote_category":0,"footnotes":""},"class_list":["post-2167","page","type-page","status-publish","hentry"],"acf":[],"_links":{"self":[{"href":"https:\/\/yabaphotography.com\/fr\/wp-json\/wp\/v2\/pages\/2167"}],"collection":[{"href":"https:\/\/yabaphotography.com\/fr\/wp-json\/wp\/v2\/pages"}],"about":[{"href":"https:\/\/yabaphotography.com\/fr\/wp-json\/wp\/v2\/types\/page"}],"author":[{"embeddable":true,"href":"https:\/\/yabaphotography.com\/fr\/wp-json\/wp\/v2\/users\/1"}],"replies":[{"embeddable":true,"href":"https:\/\/yabaphotography.com\/fr\/wp-json\/wp\/v2\/comments?post=2167"}],"version-history":[{"count":66,"href":"https:\/\/yabaphotography.com\/fr\/wp-json\/wp\/v2\/pages\/2167\/revisions"}],"predecessor-version":[{"id":7528,"href":"https:\/\/yabaphotography.com\/fr\/wp-json\/wp\/v2\/pages\/2167\/revisions\/7528"}],"wp:attachment":[{"href":"https:\/\/yabaphotography.com\/fr\/wp-json\/wp\/v2\/media?parent=2167"}],"curies":[{"name":"wp","href":"https:\/\/api.w.org\/{rel}","templated":true}]}}